{"id":4091,"date":"2020-06-10T10:41:30","date_gmt":"2020-06-10T10:41:30","guid":{"rendered":"https:\/\/blog.mocapp.net\/?page_id=4091"},"modified":"2025-08-05T19:44:52","modified_gmt":"2025-08-05T17:44:52","slug":"home","status":"publish","type":"page","link":"https:\/\/mocapp.net\/blog\/home\/?lang=ro","title":{"rendered":"Home"},"content":{"rendered":"<div class=\"divider one\">&nbsp;<\/div>\n<div id=\"undefined\" class=\"ppb_blog_horizontal one nopadding \" style=\"undefinedpadding:30px 0 30px 0;\" >\n<div class=\"horizontal_gallery\">\n<table class=\"horizontal_gallery_wrapper\">\n<tbody>\n<tr>\n<td>\n<div class=\"gallery_image_wrapper\">\n<div class=\"post_header\">\n<div class=\"post_detail post_date\">\n\t\t\t\t  \t\t<span class=\"post_info_author\"><br \/>\n\t\t\t\t  \t\t\t<span class=\"gravatar\"><img data-del=\"avatar\" src='https:\/\/mocapp.net\/blog\/wp-content\/uploads\/2020\/06\/0-100x100.jpeg' class='avatar pp-user-avatar avatar-60 photo ' height='60' width='60'\/><\/span>Florin Grozea<br \/>\n\t\t\t\t  \t\t<\/span><span class=\"post_info_date\"><br \/>\n\t\t\t\t  \t\t\t<a href=\"https:\/\/mocapp.net\/blog\/studiu-influencer-marketing-romania-2025\/?lang=ro\">31\/07\/2025<\/a><br \/>\n\t\t\t\t  \t\t<\/span>\n\t\t\t\t  \t<\/div>\n<h2><a href=\"https:\/\/mocapp.net\/blog\/studiu-influencer-marketing-romania-2025\/?lang=ro\" title=\"Studiul Influencer Marketing Rom\u00e2nia 2025 - Lansare Live &amp; PDF Gratuit\">Studiul Influencer Marketing Rom\u00e2nia 2025 &#8211; Lansare Live &#038; PDF Gratuit<\/a><\/h2>\n<\/div>\n<p><img decoding=\"async\" src=\"https:\/\/mocapp.net\/blog\/wp-content\/uploads\/2025\/07\/Event-Cover-LinkedIn-960x640.png\" alt=\"\" class=\"horizontal_gallery_img\"\/>\n\t\t\t\t\t<\/div>\n<\/td>\n<td>\n<div class=\"gallery_image_wrapper\">\n<div class=\"post_header\">\n<div class=\"post_detail post_date\">\n\t\t\t\t  \t\t<span class=\"post_info_author\"><br \/>\n\t\t\t\t  \t\t\t<span class=\"gravatar\"><img data-del=\"avatar\" src='https:\/\/mocapp.net\/blog\/wp-content\/uploads\/2020\/06\/0-100x100.jpeg' class='avatar pp-user-avatar avatar-60 photo ' height='60' width='60'\/><\/span>Florin Grozea<br \/>\n\t\t\t\t  \t\t<\/span><span class=\"post_info_date\"><br \/>\n\t\t\t\t  \t\t\t<a href=\"https:\/\/mocapp.net\/blog\/influencer-accelerator-record-5500-membri\/?lang=ro\">10\/07\/2025<\/a><br \/>\n\t\t\t\t  \t\t<\/span>\n\t\t\t\t  \t<\/div>\n<h2><a href=\"https:\/\/mocapp.net\/blog\/influencer-accelerator-record-5500-membri\/?lang=ro\" title=\"Influencer Accelerator - un nou record: 5500 de membri!\">Influencer Accelerator &#8211; un nou record: 5500 de membri!<\/a><\/h2>\n<\/div>\n<p><img decoding=\"async\" src=\"https:\/\/mocapp.net\/blog\/wp-content\/uploads\/2025\/07\/Banner-IAM-Editia-4-960x640.png\" alt=\"\" class=\"horizontal_gallery_img\"\/>\n\t\t\t\t\t<\/div>\n<\/td>\n<td>\n<div class=\"gallery_image_wrapper\">\n<div class=\"post_header\">\n<div class=\"post_detail post_date\">\n\t\t\t\t  \t\t<span class=\"post_info_author\"><br \/>\n\t\t\t\t  \t\t\t<span class=\"gravatar\"><img data-del=\"avatar\" src='https:\/\/mocapp.net\/blog\/wp-content\/uploads\/2020\/06\/0-100x100.jpeg' class='avatar pp-user-avatar avatar-60 photo ' height='60' width='60'\/><\/span>Florin Grozea<br \/>\n\t\t\t\t  \t\t<\/span><span class=\"post_info_date\"><br \/>\n\t\t\t\t  \t\t\t<a href=\"https:\/\/mocapp.net\/blog\/top-influencer-romania-2025\/?lang=ro\">06\/06\/2025<\/a><br \/>\n\t\t\t\t  \t\t<\/span>\n\t\t\t\t  \t<\/div>\n<h2><a href=\"https:\/\/mocapp.net\/blog\/top-influencer-romania-2025\/?lang=ro\" title=\"Top 16 Influencer Romania - Creatori \u0219i Vedete de urm\u0103rit \u00een 2025\">Top 16 Influencer Romania &#8211; Creatori \u0219i Vedete de urm\u0103rit \u00een 2025<\/a><\/h2>\n<\/div>\n<p><img decoding=\"async\" src=\"https:\/\/mocapp.net\/blog\/wp-content\/uploads\/2025\/06\/Blog-articole-titluri-1-960x640.png\" alt=\"\" class=\"horizontal_gallery_img\"\/>\n\t\t\t\t\t<\/div>\n<\/td>\n<td>\n<div class=\"gallery_image_wrapper\">\n<div class=\"post_header\">\n<div class=\"post_detail post_date\">\n\t\t\t\t  \t\t<span class=\"post_info_author\"><br \/>\n\t\t\t\t  \t\t\t<span class=\"gravatar\"><img data-del=\"avatar\" src='https:\/\/mocapp.net\/blog\/wp-content\/uploads\/2020\/06\/0-100x100.jpeg' class='avatar pp-user-avatar avatar-60 photo ' height='60' width='60'\/><\/span>Florin Grozea<br \/>\n\t\t\t\t  \t\t<\/span><span class=\"post_info_date\"><br \/>\n\t\t\t\t  \t\t\t<a href=\"https:\/\/mocapp.net\/blog\/succesul-unei-campanii-cu-influenceri\/?lang=ro\">03\/06\/2025<\/a><br \/>\n\t\t\t\t  \t\t<\/span>\n\t\t\t\t  \t<\/div>\n<h2><a href=\"https:\/\/mocapp.net\/blog\/succesul-unei-campanii-cu-influenceri\/?lang=ro\" title=\"Cum m\u0103sori succesul unei campanii cu influenceri? Ghid practic 2025\">Cum m\u0103sori succesul unei campanii cu influenceri? Ghid practic 2025<\/a><\/h2>\n<\/div>\n<p><img decoding=\"async\" src=\"https:\/\/mocapp.net\/blog\/wp-content\/uploads\/2025\/06\/Blog-articole-titluri-960x640.png\" alt=\"\" class=\"horizontal_gallery_img\"\/>\n\t\t\t\t\t<\/div>\n<\/td>\n<\/tr>\n<\/tbody>\n<\/table><\/div>\n<\/p><\/div>\n<div class=\"divider one\">&nbsp;<\/div>\n<div id=\"undefined\" class=\"ppb_blog_2cols_pagination one nopadding \" style=\"undefinedpadding:30px 0 30px 0;\" >\n<div class=\"standard_wrapper two_cols\">\n<div class=\"post_filter_wrapper\">\n<div id=\"1754415892126421657_wrapper\">\n<div class=\"one_half \">\n<div class=\"post_img static small\"><a href=\"https:\/\/mocapp.net\/blog\/studiu-influencer-marketing-romania-2025\/?lang=ro\" title=\"Studiul Influencer Marketing Rom\u00e2nia 2025 - Lansare Live &amp; PDF Gratuit\"><img decoding=\"async\" src=\"https:\/\/mocapp.net\/blog\/wp-content\/uploads\/2025\/07\/Event-Cover-LinkedIn-960x640.png\" alt=\"Studiul Influencer Marketing Rom\u00e2nia 2025 - Lansare Live &amp; PDF Gratuit\"\/><\/a><\/div>\n<p><br class=\"clear\"\/><\/p>\n<div class=\"post_header\">\n<h5><a href=\"https:\/\/mocapp.net\/blog\/studiu-influencer-marketing-romania-2025\/?lang=ro\" title=\"Studiul Influencer Marketing Rom\u00e2nia 2025 - Lansare Live &amp; PDF Gratuit\">Studiul Influencer Marketing Rom\u00e2nia 2025 &#8211; Lansare Live &#038; PDF Gratuit<\/a><\/h5>\n<div class=\"post_detail post_date\">\n\t\t\t      \t\t<span class=\"post_info_author\"><br \/>\n\t\t\t      \t\t\t<a href=\"https:\/\/mocapp.net\/blog\/author\/florin\/?lang=ro\">Florin Grozea<\/a><br \/>\n\t\t\t      \t\t<\/span><span class=\"post_info_date\"><br \/>\n\t\t\t      \t\t\t<a href=\"https:\/\/mocapp.net\/blog\/studiu-influencer-marketing-romania-2025\/?lang=ro\">Posted On 31\/07\/2025<\/a><br \/>\n\t\t\t      \t\t<\/span>\n\t\t\t      \t<\/div>\n<\/p><\/div>\n<\/div>\n<div class=\"one_half last\">\n<div class=\"post_img static small\"><a href=\"https:\/\/mocapp.net\/blog\/influencer-accelerator-record-5500-membri\/?lang=ro\" title=\"Influencer Accelerator - un nou record: 5500 de membri!\"><img decoding=\"async\" src=\"https:\/\/mocapp.net\/blog\/wp-content\/uploads\/2025\/07\/Banner-IAM-Editia-4-960x640.png\" alt=\"Influencer Accelerator - un nou record: 5500 de membri!\"\/><\/a><\/div>\n<p><br class=\"clear\"\/><\/p>\n<div class=\"post_header\">\n<h5><a href=\"https:\/\/mocapp.net\/blog\/influencer-accelerator-record-5500-membri\/?lang=ro\" title=\"Influencer Accelerator - un nou record: 5500 de membri!\">Influencer Accelerator &#8211; un nou record: 5500 de membri!<\/a><\/h5>\n<div class=\"post_detail post_date\">\n\t\t\t      \t\t<span class=\"post_info_author\"><br \/>\n\t\t\t      \t\t\t<a href=\"https:\/\/mocapp.net\/blog\/author\/florin\/?lang=ro\">Florin Grozea<\/a><br \/>\n\t\t\t      \t\t<\/span><span class=\"post_info_date\"><br \/>\n\t\t\t      \t\t\t<a href=\"https:\/\/mocapp.net\/blog\/influencer-accelerator-record-5500-membri\/?lang=ro\">Posted On 10\/07\/2025<\/a><br \/>\n\t\t\t      \t\t<\/span>\n\t\t\t      \t<\/div>\n<\/p><\/div>\n<\/div>\n<p><br class=\"clear\"\/><\/p>\n<div class=\"one_half \">\n<div class=\"post_img static small\"><a href=\"https:\/\/mocapp.net\/blog\/top-influencer-romania-2025\/?lang=ro\" title=\"Top 16 Influencer Romania - Creatori \u0219i Vedete de urm\u0103rit \u00een 2025\"><img decoding=\"async\" src=\"https:\/\/mocapp.net\/blog\/wp-content\/uploads\/2025\/06\/Blog-articole-titluri-1-960x640.png\" alt=\"Top 16 Influencer Romania - Creatori \u0219i Vedete de urm\u0103rit \u00een 2025\"\/><\/a><\/div>\n<p><br class=\"clear\"\/><\/p>\n<div class=\"post_header\">\n<h5><a href=\"https:\/\/mocapp.net\/blog\/top-influencer-romania-2025\/?lang=ro\" title=\"Top 16 Influencer Romania - Creatori \u0219i Vedete de urm\u0103rit \u00een 2025\">Top 16 Influencer Romania &#8211; Creatori \u0219i Vedete de urm\u0103rit \u00een 2025<\/a><\/h5>\n<div class=\"post_detail post_date\">\n\t\t\t      \t\t<span class=\"post_info_author\"><br \/>\n\t\t\t      \t\t\t<a href=\"https:\/\/mocapp.net\/blog\/author\/florin\/?lang=ro\">Florin Grozea<\/a><br \/>\n\t\t\t      \t\t<\/span><span class=\"post_info_date\"><br \/>\n\t\t\t      \t\t\t<a href=\"https:\/\/mocapp.net\/blog\/top-influencer-romania-2025\/?lang=ro\">Posted On 06\/06\/2025<\/a><br \/>\n\t\t\t      \t\t<\/span>\n\t\t\t      \t<\/div>\n<\/p><\/div>\n<\/div>\n<div class=\"one_half last\">\n<div class=\"post_img static small\"><a href=\"https:\/\/mocapp.net\/blog\/succesul-unei-campanii-cu-influenceri\/?lang=ro\" title=\"Cum m\u0103sori succesul unei campanii cu influenceri? Ghid practic 2025\"><img decoding=\"async\" src=\"https:\/\/mocapp.net\/blog\/wp-content\/uploads\/2025\/06\/Blog-articole-titluri-960x640.png\" alt=\"Cum m\u0103sori succesul unei campanii cu influenceri? Ghid practic 2025\"\/><\/a><\/div>\n<p><br class=\"clear\"\/><\/p>\n<div class=\"post_header\">\n<h5><a href=\"https:\/\/mocapp.net\/blog\/succesul-unei-campanii-cu-influenceri\/?lang=ro\" title=\"Cum m\u0103sori succesul unei campanii cu influenceri? Ghid practic 2025\">Cum m\u0103sori succesul unei campanii cu influenceri? Ghid practic 2025<\/a><\/h5>\n<div class=\"post_detail post_date\">\n\t\t\t      \t\t<span class=\"post_info_author\"><br \/>\n\t\t\t      \t\t\t<a href=\"https:\/\/mocapp.net\/blog\/author\/florin\/?lang=ro\">Florin Grozea<\/a><br \/>\n\t\t\t      \t\t<\/span><span class=\"post_info_date\"><br \/>\n\t\t\t      \t\t\t<a href=\"https:\/\/mocapp.net\/blog\/succesul-unei-campanii-cu-influenceri\/?lang=ro\">Posted On 03\/06\/2025<\/a><br \/>\n\t\t\t      \t\t<\/span>\n\t\t\t      \t<\/div>\n<\/p><\/div>\n<\/div>\n<p><br class=\"clear\"\/><\/p>\n<div class=\"one_half \">\n<div class=\"post_img static small\"><a href=\"https:\/\/mocapp.net\/blog\/roi-in-influencer-marketing\/?lang=ro\" title=\"ROI \u00een Influencer Marketing\"><img decoding=\"async\" src=\"https:\/\/mocapp.net\/blog\/wp-content\/uploads\/2025\/06\/Blog-5-crit-7-960x640.png\" alt=\"ROI \u00een Influencer Marketing\"\/><\/a><\/div>\n<p><br class=\"clear\"\/><\/p>\n<div class=\"post_header\">\n<h5><a href=\"https:\/\/mocapp.net\/blog\/roi-in-influencer-marketing\/?lang=ro\" title=\"ROI \u00een Influencer Marketing\">ROI \u00een Influencer Marketing<\/a><\/h5>\n<div class=\"post_detail post_date\">\n\t\t\t      \t\t<span class=\"post_info_author\"><br \/>\n\t\t\t      \t\t\t<a href=\"https:\/\/mocapp.net\/blog\/author\/florin\/?lang=ro\">Florin Grozea<\/a><br \/>\n\t\t\t      \t\t<\/span><span class=\"post_info_date\"><br \/>\n\t\t\t      \t\t\t<a href=\"https:\/\/mocapp.net\/blog\/roi-in-influencer-marketing\/?lang=ro\">Posted On 02\/06\/2025<\/a><br \/>\n\t\t\t      \t\t<\/span>\n\t\t\t      \t<\/div>\n<\/p><\/div>\n<\/div>\n<div class=\"one_half last\">\n<div class=\"post_img static small\"><a href=\"https:\/\/mocapp.net\/blog\/cat-costa-o-campanie-cu-influenceri\/?lang=ro\" title=\"C\u00e2t cost\u0103 o campanie cu Influenceri \u00een Rom\u00e2nia? Ghid complet 2025\"><img decoding=\"async\" src=\"https:\/\/mocapp.net\/blog\/wp-content\/uploads\/2025\/06\/Blog-5-crit-4-960x640.png\" alt=\"C\u00e2t cost\u0103 o campanie cu Influenceri \u00een Rom\u00e2nia? Ghid complet 2025\"\/><\/a><\/div>\n<p><br class=\"clear\"\/><\/p>\n<div class=\"post_header\">\n<h5><a href=\"https:\/\/mocapp.net\/blog\/cat-costa-o-campanie-cu-influenceri\/?lang=ro\" title=\"C\u00e2t cost\u0103 o campanie cu Influenceri \u00een Rom\u00e2nia? Ghid complet 2025\">C\u00e2t cost\u0103 o campanie cu Influenceri \u00een Rom\u00e2nia? Ghid complet 2025<\/a><\/h5>\n<div class=\"post_detail post_date\">\n\t\t\t      \t\t<span class=\"post_info_author\"><br \/>\n\t\t\t      \t\t\t<a href=\"https:\/\/mocapp.net\/blog\/author\/florin\/?lang=ro\">Florin Grozea<\/a><br \/>\n\t\t\t      \t\t<\/span><span class=\"post_info_date\"><br \/>\n\t\t\t      \t\t\t<a href=\"https:\/\/mocapp.net\/blog\/cat-costa-o-campanie-cu-influenceri\/?lang=ro\">Posted On 02\/06\/2025<\/a><br \/>\n\t\t\t      \t\t<\/span>\n\t\t\t      \t<\/div>\n<\/p><\/div>\n<\/div>\n<p><br class=\"clear\"\/><\/p>\n<div class=\"one_half \">\n<div class=\"post_img static small\"><a href=\"https:\/\/mocapp.net\/blog\/cum-alegi-influenceri-relevanti-pentru-brandul-tau-in-2025\/?lang=ro\" title=\"Cum alegi influenceri relevan\u021bi pentru brandul t\u0103u \u00een 2025\"><img decoding=\"async\" src=\"https:\/\/mocapp.net\/blog\/wp-content\/uploads\/2025\/06\/Blog-5-crit-8-960x640.png\" alt=\"Cum alegi influenceri relevan\u021bi pentru brandul t\u0103u \u00een 2025\"\/><\/a><\/div>\n<p><br class=\"clear\"\/><\/p>\n<div class=\"post_header\">\n<h5><a href=\"https:\/\/mocapp.net\/blog\/cum-alegi-influenceri-relevanti-pentru-brandul-tau-in-2025\/?lang=ro\" title=\"Cum alegi influenceri relevan\u021bi pentru brandul t\u0103u \u00een 2025\">Cum alegi influenceri relevan\u021bi pentru brandul t\u0103u \u00een 2025<\/a><\/h5>\n<div class=\"post_detail post_date\">\n\t\t\t      \t\t<span class=\"post_info_author\"><br \/>\n\t\t\t      \t\t\t<a href=\"https:\/\/mocapp.net\/blog\/author\/florin\/?lang=ro\">Florin Grozea<\/a><br \/>\n\t\t\t      \t\t<\/span><span class=\"post_info_date\"><br \/>\n\t\t\t      \t\t\t<a href=\"https:\/\/mocapp.net\/blog\/cum-alegi-influenceri-relevanti-pentru-brandul-tau-in-2025\/?lang=ro\">Posted On 02\/06\/2025<\/a><br \/>\n\t\t\t      \t\t<\/span>\n\t\t\t      \t<\/div>\n<\/p><\/div>\n<\/div>\n<div class=\"one_half last\">\n<div class=\"post_img static small\"><a href=\"https:\/\/mocapp.net\/blog\/diploma-iam-certified\/?lang=ro\" title=\"Diploma IAM Certified \u2013 dovada excelen\u021bei \u00een Influencer Marketing!\"><img decoding=\"async\" src=\"https:\/\/mocapp.net\/blog\/wp-content\/uploads\/2024\/10\/Banner-CP-IAM-15-0ct-20242-IQads-850x478-1.jpg\" alt=\"Diploma IAM Certified \u2013 dovada excelen\u021bei \u00een Influencer Marketing!\"\/><\/a><\/div>\n<p><br class=\"clear\"\/><\/p>\n<div class=\"post_header\">\n<h5><a href=\"https:\/\/mocapp.net\/blog\/diploma-iam-certified\/?lang=ro\" title=\"Diploma IAM Certified \u2013 dovada excelen\u021bei \u00een Influencer Marketing!\">Diploma IAM Certified \u2013 dovada excelen\u021bei \u00een Influencer Marketing!<\/a><\/h5>\n<div class=\"post_detail post_date\">\n\t\t\t      \t\t<span class=\"post_info_author\"><br \/>\n\t\t\t      \t\t\t<a href=\"https:\/\/mocapp.net\/blog\/author\/florin\/?lang=ro\">Florin Grozea<\/a><br \/>\n\t\t\t      \t\t<\/span><span class=\"post_info_date\"><br \/>\n\t\t\t      \t\t\t<a href=\"https:\/\/mocapp.net\/blog\/diploma-iam-certified\/?lang=ro\">Posted On 15\/10\/2024<\/a><br \/>\n\t\t\t      \t\t<\/span>\n\t\t\t      \t<\/div>\n<\/p><\/div>\n<\/div>\n<p><br class=\"clear\"\/><\/div>\n<\/div>\n<p><br class=\"clear\"\/><a id=\"1754415892126421657_loadmore\" href=\"javascript:;\" class=\"single_subtitle pagination_load_more\"><span>Load More<\/span><\/a><\/p>\n<div id=\"1754415892126421657_loading\" class=\"pagination_loading\"><i class=\"fa fa-refresh fa-spin\"><\/i><\/div>\n<p><input type=\"hidden\" id=\"1754415892126421657_offset\" name=\"1754415892126421657_offset\" value=\"8\"><input type=\"hidden\" id=\"1754415892126421657_count\" name=\"1754415892126421657_count\" value=\"179\"><input type=\"hidden\" id=\"1754415892126421657_status\" name=\"1754415892126421657_count\" value=\"\"><script>\n\t\t\t    jQuery(window).load(function(){ \n\t\t\t    \tjQuery(\"#1754415892126421657_loadmore\").click(function(){\n\t\t\t    \t\t  jQuery(this).addClass(\"inactive\");\n\t\t\t    \t      jQuery(\"#1754415892126421657_loading\").addClass(\"active\");<\/p>\n<p>\t\t\t    \t      if(jQuery(\"#1754415892126421657_status\").val() != 1)\n\t\t\t    \t      {\n\t\t\t    \t      \t  jQuery(\"#1754415892126421657_status\").val(1);<\/p>\n<p>\t\t\t\t    \t      jQuery.ajax({\n\t\t\t\t\t\t\t\turl: \"https:\/\/mocapp.net\/blog\/wp-admin\/admin-ajax.php?action=grandnews_pagination_2cols\",\n\t\t\t\t\t\t\t\ttype: \"POST\",\n\t\t\t\t\t\t\t\tdata: \"offset=\"+jQuery(\"#1754415892126421657_offset\").val()+\"&items=8&cat=undefined\",\n\t\t\t\t\t\t\t\tsuccess:function(results) {\n\t\t\t\t\t\t\t\t\tjQuery(\"#1754415892126421657_wrapper\").append(results);\n\t\t\t\t\t\t\t\t\tjQuery(\"#1754415892126421657_loading\").removeClass(\"active\");<\/p>\n<p>\t\t\t\t\t\t\t\t\tvar currentOffset = parseInt(jQuery(\"#1754415892126421657_offset\").val());\n\t\t\t\t\t\t\t\t\tcurrentOffset = parseInt(currentOffset+8);\n\t\t\t\t\t\t\t\t\tjQuery(\"#1754415892126421657_offset\").val(currentOffset);<\/p>\n<p>\t\t\t\t\t\t\t\t\tif(parseInt(jQuery(\"#1754415892126421657_count\").val()) > parseInt(jQuery(\"#1754415892126421657_offset\").val()))\n\t\t\t\t\t\t\t\t\t{\n\t\t\t\t\t\t\t\t\t\tjQuery(\"#1754415892126421657_loadmore\").removeClass(\"inactive\");\n\t\t\t\t\t\t\t\t\t}<\/p>\n<p>\t\t\t\t\t\t\t\t\tjQuery(\"#1754415892126421657_status\").val(\"\");\n\t\t\t\t\t\t\t\t}\n\t\t\t\t\t\t\t});\n\t\t\t\t\t\t}\n\t\t\t    \t});\n\t\t\t    });\n\t\t\t<\/script><\/div>\n<\/div>\n","protected":false},"excerpt":{"rendered":"<p>&nbsp; Florin Grozea 31\/07\/2025 Studiul Influencer Marketing Rom\u00e2nia 2025 &#8211; Lansare Live &#038; PDF Gratuit Florin Grozea 10\/07\/2025 Influencer Accelerator &#8211; un nou record: 5500 de membri! Florin Grozea 06\/06\/2025 Top 16 Influencer Romania &#8211; Creatori \u0219i Vedete de urm\u0103rit [&hellip;]<\/p>\n","protected":false},"author":1,"featured_media":0,"parent":0,"menu_order":0,"comment_status":"closed","ping_status":"closed","template":"","meta":{"footnotes":""},"class_list":["post-4091","page","type-page","status-publish","hentry"],"yoast_head":"<!-- This site is optimized with the Yoast SEO plugin v23.2 - https:\/\/yoast.com\/wordpress\/plugins\/seo\/ -->\n<title>Home &#187; MOCAPP<\/title>\n<meta name=\"robots\" content=\"index, follow, max-snippet:-1, max-image-preview:large, max-video-preview:-1\" \/>\n<link rel=\"canonical\" href=\"https:\/\/mocapp.net\/blog\/home\/\" \/>\n<meta property=\"og:locale\" content=\"en_US\" \/>\n<meta property=\"og:type\" content=\"article\" \/>\n<meta property=\"og:title\" content=\"Home &#187; MOCAPP\" \/>\n<meta property=\"og:description\" content=\"&nbsp; Florin Grozea 31\/07\/2025 Studiul Influencer Marketing Rom\u00e2nia 2025 &#8211; Lansare Live &#038; PDF Gratuit Florin Grozea 10\/07\/2025 Influencer Accelerator &#8211; un nou record: 5500 de membri! Florin Grozea 06\/06\/2025 Top 16 Influencer Romania &#8211; Creatori \u0219i Vedete de urm\u0103rit [&hellip;]\" \/>\n<meta property=\"og:url\" content=\"https:\/\/mocapp.net\/blog\/home\/?lang=ro\" \/>\n<meta property=\"og:site_name\" content=\"MOCAPP\" \/>\n<meta property=\"article:publisher\" content=\"https:\/\/www.facebook.com\/mocapp\/\" \/>\n<meta property=\"article:modified_time\" content=\"2025-08-05T17:44:52+00:00\" \/>\n<meta property=\"og:image\" content=\"https:\/\/mocapp.net\/blog\/wp-content\/uploads\/2020\/06\/0-100x100.jpeg\" \/>\n<meta name=\"twitter:card\" content=\"summary_large_image\" \/>\n<script type=\"application\/ld+json\" class=\"yoast-schema-graph\">{\"@context\":\"https:\/\/schema.org\",\"@graph\":[{\"@type\":\"WebPage\",\"@id\":\"https:\/\/mocapp.net\/blog\/home\/?lang=ro\",\"url\":\"https:\/\/mocapp.net\/blog\/home\/?lang=ro\",\"name\":\"Home &#187; MOCAPP\",\"isPartOf\":{\"@id\":\"https:\/\/mocapp.net\/blog\/#website\"},\"primaryImageOfPage\":{\"@id\":\"https:\/\/mocapp.net\/blog\/home\/?lang=ro#primaryimage\"},\"image\":{\"@id\":\"https:\/\/mocapp.net\/blog\/home\/?lang=ro#primaryimage\"},\"thumbnailUrl\":\"https:\/\/mocapp.net\/blog\/wp-content\/uploads\/2020\/06\/0-100x100.jpeg\",\"datePublished\":\"2020-06-10T10:41:30+00:00\",\"dateModified\":\"2025-08-05T17:44:52+00:00\",\"breadcrumb\":{\"@id\":\"https:\/\/mocapp.net\/blog\/home\/?lang=ro#breadcrumb\"},\"inLanguage\":\"en-US\",\"potentialAction\":[{\"@type\":\"ReadAction\",\"target\":[\"https:\/\/mocapp.net\/blog\/home\/?lang=ro\"]}]},{\"@type\":\"ImageObject\",\"inLanguage\":\"en-US\",\"@id\":\"https:\/\/mocapp.net\/blog\/home\/?lang=ro#primaryimage\",\"url\":\"https:\/\/mocapp.net\/blog\/wp-content\/uploads\/2020\/06\/0.jpeg\",\"contentUrl\":\"https:\/\/mocapp.net\/blog\/wp-content\/uploads\/2020\/06\/0.jpeg\",\"width\":800,\"height\":800},{\"@type\":\"BreadcrumbList\",\"@id\":\"https:\/\/mocapp.net\/blog\/home\/?lang=ro#breadcrumb\",\"itemListElement\":[{\"@type\":\"ListItem\",\"position\":1,\"name\":\"Home\",\"item\":\"https:\/\/mocapp.net\/blog\/\"},{\"@type\":\"ListItem\",\"position\":2,\"name\":\"Home\"}]},{\"@type\":\"WebSite\",\"@id\":\"https:\/\/mocapp.net\/blog\/#website\",\"url\":\"https:\/\/mocapp.net\/blog\/\",\"name\":\"MOCAPP\",\"description\":\"Blogul MOCAPP\",\"publisher\":{\"@id\":\"https:\/\/mocapp.net\/blog\/#organization\"},\"potentialAction\":[{\"@type\":\"SearchAction\",\"target\":{\"@type\":\"EntryPoint\",\"urlTemplate\":\"https:\/\/mocapp.net\/blog\/?s={search_term_string}\"},\"query-input\":\"required name=search_term_string\"}],\"inLanguage\":\"en-US\"},{\"@type\":\"Organization\",\"@id\":\"https:\/\/mocapp.net\/blog\/#organization\",\"name\":\"Mocapp\",\"url\":\"https:\/\/mocapp.net\/blog\/\",\"logo\":{\"@type\":\"ImageObject\",\"inLanguage\":\"en-US\",\"@id\":\"https:\/\/mocapp.net\/blog\/#\/schema\/logo\/image\/\",\"url\":\"https:\/\/blog.mocapp.net\/wp-content\/uploads\/2020\/06\/LOGO_WhiteBG.png\",\"contentUrl\":\"https:\/\/blog.mocapp.net\/wp-content\/uploads\/2020\/06\/LOGO_WhiteBG.png\",\"width\":110,\"height\":30,\"caption\":\"Mocapp\"},\"image\":{\"@id\":\"https:\/\/mocapp.net\/blog\/#\/schema\/logo\/image\/\"},\"sameAs\":[\"https:\/\/www.facebook.com\/mocapp\/\",\"https:\/\/www.instagram.com\/mocappnet\/\"]}]}<\/script>\n<!-- \/ Yoast SEO plugin. -->","yoast_head_json":{"title":"Home &#187; MOCAPP","robots":{"index":"index","follow":"follow","max-snippet":"max-snippet:-1","max-image-preview":"max-image-preview:large","max-video-preview":"max-video-preview:-1"},"canonical":"https:\/\/mocapp.net\/blog\/home\/","og_locale":"en_US","og_type":"article","og_title":"Home &#187; MOCAPP","og_description":"&nbsp; Florin Grozea 31\/07\/2025 Studiul Influencer Marketing Rom\u00e2nia 2025 &#8211; Lansare Live &#038; PDF Gratuit Florin Grozea 10\/07\/2025 Influencer Accelerator &#8211; un nou record: 5500 de membri! Florin Grozea 06\/06\/2025 Top 16 Influencer Romania &#8211; Creatori \u0219i Vedete de urm\u0103rit [&hellip;]","og_url":"https:\/\/mocapp.net\/blog\/home\/?lang=ro","og_site_name":"MOCAPP","article_publisher":"https:\/\/www.facebook.com\/mocapp\/","article_modified_time":"2025-08-05T17:44:52+00:00","og_image":[{"url":"https:\/\/mocapp.net\/blog\/wp-content\/uploads\/2020\/06\/0-100x100.jpeg"}],"twitter_card":"summary_large_image","schema":{"@context":"https:\/\/schema.org","@graph":[{"@type":"WebPage","@id":"https:\/\/mocapp.net\/blog\/home\/?lang=ro","url":"https:\/\/mocapp.net\/blog\/home\/?lang=ro","name":"Home &#187; MOCAPP","isPartOf":{"@id":"https:\/\/mocapp.net\/blog\/#website"},"primaryImageOfPage":{"@id":"https:\/\/mocapp.net\/blog\/home\/?lang=ro#primaryimage"},"image":{"@id":"https:\/\/mocapp.net\/blog\/home\/?lang=ro#primaryimage"},"thumbnailUrl":"https:\/\/mocapp.net\/blog\/wp-content\/uploads\/2020\/06\/0-100x100.jpeg","datePublished":"2020-06-10T10:41:30+00:00","dateModified":"2025-08-05T17:44:52+00:00","breadcrumb":{"@id":"https:\/\/mocapp.net\/blog\/home\/?lang=ro#breadcrumb"},"inLanguage":"en-US","potentialAction":[{"@type":"ReadAction","target":["https:\/\/mocapp.net\/blog\/home\/?lang=ro"]}]},{"@type":"ImageObject","inLanguage":"en-US","@id":"https:\/\/mocapp.net\/blog\/home\/?lang=ro#primaryimage","url":"https:\/\/mocapp.net\/blog\/wp-content\/uploads\/2020\/06\/0.jpeg","contentUrl":"https:\/\/mocapp.net\/blog\/wp-content\/uploads\/2020\/06\/0.jpeg","width":800,"height":800},{"@type":"BreadcrumbList","@id":"https:\/\/mocapp.net\/blog\/home\/?lang=ro#breadcrumb","itemListElement":[{"@type":"ListItem","position":1,"name":"Home","item":"https:\/\/mocapp.net\/blog\/"},{"@type":"ListItem","position":2,"name":"Home"}]},{"@type":"WebSite","@id":"https:\/\/mocapp.net\/blog\/#website","url":"https:\/\/mocapp.net\/blog\/","name":"MOCAPP","description":"Blogul MOCAPP","publisher":{"@id":"https:\/\/mocapp.net\/blog\/#organization"},"potentialAction":[{"@type":"SearchAction","target":{"@type":"EntryPoint","urlTemplate":"https:\/\/mocapp.net\/blog\/?s={search_term_string}"},"query-input":"required name=search_term_string"}],"inLanguage":"en-US"},{"@type":"Organization","@id":"https:\/\/mocapp.net\/blog\/#organization","name":"Mocapp","url":"https:\/\/mocapp.net\/blog\/","logo":{"@type":"ImageObject","inLanguage":"en-US","@id":"https:\/\/mocapp.net\/blog\/#\/schema\/logo\/image\/","url":"https:\/\/blog.mocapp.net\/wp-content\/uploads\/2020\/06\/LOGO_WhiteBG.png","contentUrl":"https:\/\/blog.mocapp.net\/wp-content\/uploads\/2020\/06\/LOGO_WhiteBG.png","width":110,"height":30,"caption":"Mocapp"},"image":{"@id":"https:\/\/mocapp.net\/blog\/#\/schema\/logo\/image\/"},"sameAs":["https:\/\/www.facebook.com\/mocapp\/","https:\/\/www.instagram.com\/mocappnet\/"]}]}},"_links":{"self":[{"href":"https:\/\/mocapp.net\/blog\/wp-json\/wp\/v2\/pages\/4091"}],"collection":[{"href":"https:\/\/mocapp.net\/blog\/wp-json\/wp\/v2\/pages"}],"about":[{"href":"https:\/\/mocapp.net\/blog\/wp-json\/wp\/v2\/types\/page"}],"author":[{"embeddable":true,"href":"https:\/\/mocapp.net\/blog\/wp-json\/wp\/v2\/users\/1"}],"replies":[{"embeddable":true,"href":"https:\/\/mocapp.net\/blog\/wp-json\/wp\/v2\/comments?post=4091"}],"version-history":[{"count":75,"href":"https:\/\/mocapp.net\/blog\/wp-json\/wp\/v2\/pages\/4091\/revisions"}],"predecessor-version":[{"id":8692,"href":"https:\/\/mocapp.net\/blog\/wp-json\/wp\/v2\/pages\/4091\/revisions\/8692"}],"wp:attachment":[{"href":"https:\/\/mocapp.net\/blog\/wp-json\/wp\/v2\/media?parent=4091"}],"curies":[{"name":"wp","href":"https:\/\/api.w.org\/{rel}","templated":true}]}}