{"id":5586,"date":"2021-02-09T07:28:34","date_gmt":"2021-02-09T05:28:34","guid":{"rendered":"https:\/\/blog.mocapp.net\/?page_id=5586"},"modified":"2021-05-04T13:47:47","modified_gmt":"2021-05-04T11:47:47","slug":"commissions","status":"publish","type":"page","link":"https:\/\/mocapp.net\/blog\/commissions\/?lang=ro","title":{"rendered":"Commissions"},"content":{"rendered":"\n<h3 class=\"wp-block-heading\">WHAT COMMISSION DOES MOCAPP RECEIVE FOR THE CAMPAIGNS?<\/h3>\n\n\n\n<p><strong>You can create an Influencer profile on the platform free of charge.<\/strong> <\/p>\n\n\n\n<p>MOCAPP does not charge any fee for listing your profile, in the form of a fixed registration fee or any other type of monthly subscription. <\/p>\n\n\n\n<p><strong>We are only charging a 10% commission according to the total campaign budget. <\/strong>The commission is invoiced by the platform at the conclusion of each campaign, depending on the value of each such campaign.<\/p>\n\n\n\n<p>The commission price will be collected by MOCAPP through a digital payment service (NETOPIA Payments), automatically, by debiting the payment account of the Influencer.<\/p>\n\n\n\n<p>Since we wanted you to receive the money for a campaign directly and immediately, we collaborated with this payment processor (<a href=\"https:\/\/netopia-payments.com\/\" target=\"_blank\" rel=\"noreferrer noopener\">NETOPIA Payments<\/a>). This is why, there is a commission of 2.3% for card payments made by clients.<\/p>\n\n\n\n<p>Where does the 2.3% go:<\/p>\n\n\n\n<ul class=\"wp-block-list\"><li>The bank issuing the card = 1.8-1.9%;<\/li><li>Visa\/Master Card = 0.28-0.30%;<\/li><li>NETOPIA Payments = 0.2%.<br><br>Find out more about card commissions:<\/li><li><a href=\"https:\/\/www.visa.co.uk\/about-visa\/visa-in-europe.html\" target=\"_blank\" rel=\"noreferrer noopener\">for Visa HERE<\/a>;<\/li><li><a href=\"https:\/\/www.mastercard.us\/en-us.html\" target=\"_blank\" rel=\"noreferrer noopener\">for MasterCard HERE<\/a>.<\/li><\/ul>\n\n\n\n<p><strong>All the campaigns have a value calculated based on the fees requested by you. <\/strong>At the end of the campaign, you will issue an invoice for the amount you receive into your account from the client, in compliance with the contract between your company and client&#8217;s company.<\/p>\n\n\n\n<p>For further details on contracts and invoices you can contact us at<br><a href=\"mailto:contact@mocapp.net\" target=\"_blank\" rel=\"noreferrer noopener\">contact@mocapp.net<\/a><\/p>\n\n\n\n<hr class=\"wp-block-separator\"\/>\n\n\n\n<h3 class=\"wp-block-heading\">CARE ESTE COMISIONUL PE CARE \u00ceL OPRE\u0218TE MOCAPP PENTRU CAMPANIILE CU INFLUENCERI?<\/h3>\n\n\n\n<p><strong>MOCAPP percepe doar un comision de 10% raportat la tariful serviciilor prestate de influencer pentru clien\u021bii de pe platform\u0103.<\/strong> Comisionul se factureaz\u0103 de c\u0103tre MOCAPP la \u00eencheierea fiec\u0103rui contract \u00eentre influencer \u0219i client prin intermediul platformei, raportat la valoarea fiec\u0103rui asemenea contract.<\/p>\n\n\n\n<p>Pre\u021bul aferent comisionului va fi \u00eencasat de c\u0103tre MOCAPP prin intermediul unui serviciu digital de plat\u0103 (<a href=\"https:\/\/netopia-payments.com\/\" target=\"_blank\" rel=\"noreferrer noopener\">NETOPIA Payments<\/a>), \u00een mod automat, prin debitarea contului influencerului, direct \u00een contul MOCAPP.<\/p>\n\n\n\n<p>Pentru mai multe informa\u021bii despre ce este, cum func\u021bioneaz\u0103 \u0219i cum \u00ee\u021bi utilizeaz\u0103 NETOPIA Payments datele personale, te rug\u0103m s\u0103 accesezi <a href=\"https:\/\/netopia-payments.com\/\" target=\"_blank\" rel=\"noreferrer noopener\">netopia-payments.com<\/a>.<\/p>\n\n\n\n<p>Deoarece am dorit ca banii pe care \u00eei prime\u0219ti pe o campanie s\u0103 ajung\u0103 direct la tine, imediat, a trebuit s\u0103 colabor\u0103m cu un procesator de pl\u0103\u021bi: Netopia Payments.<br><br>Astfel, exist\u0103 un comision la plata cu cardul c\u0103tre compania ta de 2.3% la pl\u0103\u021bile f\u0103cute cu carduri pentru persoanele juridice.<br><br>Unde merg cei 2.3%:<\/p>\n\n\n\n<ul class=\"wp-block-list\"><li>Banca cardului = 1.8-1.9%;<\/li><li>Visa\/MasterCard = 0.28-0.30%;<\/li><li>Netopia = 0.2%.<\/li><\/ul>\n\n\n\n<p>Afl\u0103 mai multe despre comisioane carduri:<\/p>\n\n\n\n<ul class=\"wp-block-list\"><li><a href=\"https:\/\/www.visa.co.uk\/about-visa\/visa-in-europe.html\" target=\"_blank\" rel=\"noreferrer noopener\">pentru Visa AICI<\/a>;<\/li><li><a href=\"https:\/\/www.mastercard.us\/en-us.html\" target=\"_blank\" rel=\"noreferrer noopener\">pentru MasterCard AICI<\/a>.<\/li><\/ul>\n\n\n\n<p>Toate campaniile au o valoare calculat\u0103 cu ajutorul onorariilor cerute de tine. La finalul campaniei vei face factur\u0103 pentru suma pe care o prime\u0219ti\u00een cont de la client, conform contractului.<\/p>\n\n\n\n<p>Pentru mai multe detalii despre contracte \u0219i facturi ne po\u021bi contacta la adresa <a href=\"mailto:contact@mocapp.net\" target=\"_blank\" rel=\"noreferrer noopener\">contact@mocapp.net<\/a><\/p>\n","protected":false},"excerpt":{"rendered":"<p>WHAT COMMISSION DOES MOCAPP RECEIVE FOR THE CAMPAIGNS? You can create an Influencer profile on the platform free of charge. MOCAPP does not charge any fee for listing your profile, in the form of a fixed registration fee or any [&hellip;]<\/p>\n","protected":false},"author":2,"featured_media":0,"parent":0,"menu_order":0,"comment_status":"closed","ping_status":"closed","template":"","meta":{"footnotes":""},"class_list":["post-5586","page","type-page","status-publish","hentry"],"yoast_head":"<!-- This site is optimized with the Yoast SEO plugin v23.2 - https:\/\/yoast.com\/wordpress\/plugins\/seo\/ -->\n<title>Commissions &#187; MOCAPP<\/title>\n<meta name=\"robots\" content=\"index, follow, max-snippet:-1, max-image-preview:large, max-video-preview:-1\" \/>\n<link rel=\"canonical\" href=\"https:\/\/mocapp.net\/blog\/commissions\/\" \/>\n<meta property=\"og:locale\" content=\"en_US\" \/>\n<meta property=\"og:type\" content=\"article\" \/>\n<meta property=\"og:title\" content=\"Commissions &#187; MOCAPP\" \/>\n<meta property=\"og:description\" content=\"WHAT COMMISSION DOES MOCAPP RECEIVE FOR THE CAMPAIGNS? You can create an Influencer profile on the platform free of charge. MOCAPP does not charge any fee for listing your profile, in the form of a fixed registration fee or any [&hellip;]\" \/>\n<meta property=\"og:url\" content=\"https:\/\/mocapp.net\/blog\/commissions\/?lang=ro\" \/>\n<meta property=\"og:site_name\" content=\"MOCAPP\" \/>\n<meta property=\"article:publisher\" content=\"https:\/\/www.facebook.com\/mocapp\/\" \/>\n<meta property=\"article:modified_time\" content=\"2021-05-04T11:47:47+00:00\" \/>\n<meta property=\"og:image\" content=\"https:\/\/mocapp.net\/blog\/wp-content\/uploads\/2020\/06\/img_landing-scaled.jpg\" \/>\n\t<meta property=\"og:image:width\" content=\"2560\" \/>\n\t<meta property=\"og:image:height\" content=\"889\" \/>\n\t<meta property=\"og:image:type\" content=\"image\/jpeg\" \/>\n<meta name=\"twitter:card\" content=\"summary_large_image\" \/>\n<script type=\"application\/ld+json\" class=\"yoast-schema-graph\">{\"@context\":\"https:\/\/schema.org\",\"@graph\":[{\"@type\":\"WebPage\",\"@id\":\"https:\/\/mocapp.net\/blog\/commissions\/?lang=ro\",\"url\":\"https:\/\/mocapp.net\/blog\/commissions\/?lang=ro\",\"name\":\"Commissions &#187; MOCAPP\",\"isPartOf\":{\"@id\":\"https:\/\/mocapp.net\/blog\/#website\"},\"datePublished\":\"2021-02-09T05:28:34+00:00\",\"dateModified\":\"2021-05-04T11:47:47+00:00\",\"breadcrumb\":{\"@id\":\"https:\/\/mocapp.net\/blog\/commissions\/?lang=ro#breadcrumb\"},\"inLanguage\":\"en-US\",\"potentialAction\":[{\"@type\":\"ReadAction\",\"target\":[\"https:\/\/mocapp.net\/blog\/commissions\/?lang=ro\"]}]},{\"@type\":\"BreadcrumbList\",\"@id\":\"https:\/\/mocapp.net\/blog\/commissions\/?lang=ro#breadcrumb\",\"itemListElement\":[{\"@type\":\"ListItem\",\"position\":1,\"name\":\"Home\",\"item\":\"https:\/\/mocapp.net\/blog\/\"},{\"@type\":\"ListItem\",\"position\":2,\"name\":\"Commissions\"}]},{\"@type\":\"WebSite\",\"@id\":\"https:\/\/mocapp.net\/blog\/#website\",\"url\":\"https:\/\/mocapp.net\/blog\/\",\"name\":\"MOCAPP\",\"description\":\"Blogul MOCAPP\",\"publisher\":{\"@id\":\"https:\/\/mocapp.net\/blog\/#organization\"},\"potentialAction\":[{\"@type\":\"SearchAction\",\"target\":{\"@type\":\"EntryPoint\",\"urlTemplate\":\"https:\/\/mocapp.net\/blog\/?s={search_term_string}\"},\"query-input\":\"required name=search_term_string\"}],\"inLanguage\":\"en-US\"},{\"@type\":\"Organization\",\"@id\":\"https:\/\/mocapp.net\/blog\/#organization\",\"name\":\"Mocapp\",\"url\":\"https:\/\/mocapp.net\/blog\/\",\"logo\":{\"@type\":\"ImageObject\",\"inLanguage\":\"en-US\",\"@id\":\"https:\/\/mocapp.net\/blog\/#\/schema\/logo\/image\/\",\"url\":\"https:\/\/blog.mocapp.net\/wp-content\/uploads\/2020\/06\/LOGO_WhiteBG.png\",\"contentUrl\":\"https:\/\/blog.mocapp.net\/wp-content\/uploads\/2020\/06\/LOGO_WhiteBG.png\",\"width\":110,\"height\":30,\"caption\":\"Mocapp\"},\"image\":{\"@id\":\"https:\/\/mocapp.net\/blog\/#\/schema\/logo\/image\/\"},\"sameAs\":[\"https:\/\/www.facebook.com\/mocapp\/\",\"https:\/\/www.instagram.com\/mocappnet\/\"]}]}<\/script>\n<!-- \/ Yoast SEO plugin. -->","yoast_head_json":{"title":"Commissions &#187; MOCAPP","robots":{"index":"index","follow":"follow","max-snippet":"max-snippet:-1","max-image-preview":"max-image-preview:large","max-video-preview":"max-video-preview:-1"},"canonical":"https:\/\/mocapp.net\/blog\/commissions\/","og_locale":"en_US","og_type":"article","og_title":"Commissions &#187; MOCAPP","og_description":"WHAT COMMISSION DOES MOCAPP RECEIVE FOR THE CAMPAIGNS? You can create an Influencer profile on the platform free of charge. MOCAPP does not charge any fee for listing your profile, in the form of a fixed registration fee or any [&hellip;]","og_url":"https:\/\/mocapp.net\/blog\/commissions\/?lang=ro","og_site_name":"MOCAPP","article_publisher":"https:\/\/www.facebook.com\/mocapp\/","article_modified_time":"2021-05-04T11:47:47+00:00","og_image":[{"width":2560,"height":889,"url":"https:\/\/mocapp.net\/blog\/wp-content\/uploads\/2020\/06\/img_landing-scaled.jpg","type":"image\/jpeg"}],"twitter_card":"summary_large_image","schema":{"@context":"https:\/\/schema.org","@graph":[{"@type":"WebPage","@id":"https:\/\/mocapp.net\/blog\/commissions\/?lang=ro","url":"https:\/\/mocapp.net\/blog\/commissions\/?lang=ro","name":"Commissions &#187; MOCAPP","isPartOf":{"@id":"https:\/\/mocapp.net\/blog\/#website"},"datePublished":"2021-02-09T05:28:34+00:00","dateModified":"2021-05-04T11:47:47+00:00","breadcrumb":{"@id":"https:\/\/mocapp.net\/blog\/commissions\/?lang=ro#breadcrumb"},"inLanguage":"en-US","potentialAction":[{"@type":"ReadAction","target":["https:\/\/mocapp.net\/blog\/commissions\/?lang=ro"]}]},{"@type":"BreadcrumbList","@id":"https:\/\/mocapp.net\/blog\/commissions\/?lang=ro#breadcrumb","itemListElement":[{"@type":"ListItem","position":1,"name":"Home","item":"https:\/\/mocapp.net\/blog\/"},{"@type":"ListItem","position":2,"name":"Commissions"}]},{"@type":"WebSite","@id":"https:\/\/mocapp.net\/blog\/#website","url":"https:\/\/mocapp.net\/blog\/","name":"MOCAPP","description":"Blogul MOCAPP","publisher":{"@id":"https:\/\/mocapp.net\/blog\/#organization"},"potentialAction":[{"@type":"SearchAction","target":{"@type":"EntryPoint","urlTemplate":"https:\/\/mocapp.net\/blog\/?s={search_term_string}"},"query-input":"required name=search_term_string"}],"inLanguage":"en-US"},{"@type":"Organization","@id":"https:\/\/mocapp.net\/blog\/#organization","name":"Mocapp","url":"https:\/\/mocapp.net\/blog\/","logo":{"@type":"ImageObject","inLanguage":"en-US","@id":"https:\/\/mocapp.net\/blog\/#\/schema\/logo\/image\/","url":"https:\/\/blog.mocapp.net\/wp-content\/uploads\/2020\/06\/LOGO_WhiteBG.png","contentUrl":"https:\/\/blog.mocapp.net\/wp-content\/uploads\/2020\/06\/LOGO_WhiteBG.png","width":110,"height":30,"caption":"Mocapp"},"image":{"@id":"https:\/\/mocapp.net\/blog\/#\/schema\/logo\/image\/"},"sameAs":["https:\/\/www.facebook.com\/mocapp\/","https:\/\/www.instagram.com\/mocappnet\/"]}]}},"_links":{"self":[{"href":"https:\/\/mocapp.net\/blog\/wp-json\/wp\/v2\/pages\/5586"}],"collection":[{"href":"https:\/\/mocapp.net\/blog\/wp-json\/wp\/v2\/pages"}],"about":[{"href":"https:\/\/mocapp.net\/blog\/wp-json\/wp\/v2\/types\/page"}],"author":[{"embeddable":true,"href":"https:\/\/mocapp.net\/blog\/wp-json\/wp\/v2\/users\/2"}],"replies":[{"embeddable":true,"href":"https:\/\/mocapp.net\/blog\/wp-json\/wp\/v2\/comments?post=5586"}],"version-history":[{"count":5,"href":"https:\/\/mocapp.net\/blog\/wp-json\/wp\/v2\/pages\/5586\/revisions"}],"predecessor-version":[{"id":5921,"href":"https:\/\/mocapp.net\/blog\/wp-json\/wp\/v2\/pages\/5586\/revisions\/5921"}],"wp:attachment":[{"href":"https:\/\/mocapp.net\/blog\/wp-json\/wp\/v2\/media?parent=5586"}],"curies":[{"name":"wp","href":"https:\/\/api.w.org\/{rel}","templated":true}]}}